{"id":323,"date":"2024-11-14T16:55:35","date_gmt":"2024-11-14T16:55:35","guid":{"rendered":"https:\/\/veterinariofigliuolo.it\/?page_id=323"},"modified":"2025-12-01T14:08:55","modified_gmt":"2025-12-01T14:08:55","slug":"prenota-una-visita","status":"publish","type":"page","link":"https:\/\/veterinariofigliuolo.it\/?page_id=323","title":{"rendered":"Prenota una visita"},"content":{"rendered":"\t\t<div data-elementor-type=\"wp-page\" data-elementor-id=\"323\" class=\"elementor elementor-323\" data-elementor-post-type=\"page\">\n\t\t\t\t<div class=\"elementor-element elementor-element-172c44d e-flex e-con-boxed e-con e-parent\" data-id=\"172c44d\" data-element_type=\"container\" data-settings=\"{&quot;background_background&quot;:&quot;classic&quot;}\">\n\t\t\t\t\t<div class=\"e-con-inner\">\n\t\t\t\t<div class=\"elementor-element elementor-element-e7a1862 elementor-widget elementor-widget-heading\" data-id=\"e7a1862\" data-element_type=\"widget\" data-widget_type=\"heading.default\">\n\t\t\t\t<div class=\"elementor-widget-container\">\n\t\t\t\t\t<h2 class=\"elementor-heading-title elementor-size-default\">Prenota una visita<\/h2>\t\t\t\t<\/div>\n\t\t\t\t<\/div>\n\t\t\t\t\t<\/div>\n\t\t\t\t<\/div>\n\t\t<div class=\"elementor-element elementor-element-4b326e3 e-flex e-con-boxed e-con e-parent\" data-id=\"4b326e3\" data-element_type=\"container\" id=\"chi\" data-settings=\"{&quot;background_background&quot;:&quot;classic&quot;}\">\n\t\t\t\t\t<div class=\"e-con-inner\">\n\t\t<div class=\"elementor-element elementor-element-4a83d95 e-con-full e-flex e-con e-child\" data-id=\"4a83d95\" data-element_type=\"container\">\n\t\t<div class=\"elementor-element elementor-element-90ab876 e-con-full e-flex e-con e-child\" data-id=\"90ab876\" data-element_type=\"container\">\n\t\t<div class=\"elementor-element elementor-element-ce856b2 e-con-full e-flex e-con e-child\" data-id=\"ce856b2\" data-element_type=\"container\">\n\t\t<div class=\"elementor-element elementor-element-e86c8ab e-con-full e-flex e-con e-child\" data-id=\"e86c8ab\" data-element_type=\"container\">\n\t\t\t\t<div class=\"elementor-element elementor-element-e595617 elementor-widget elementor-widget-text-editor\" data-id=\"e595617\" data-element_type=\"widget\" data-widget_type=\"text-editor.default\">\n\t\t\t\t<div class=\"elementor-widget-container\">\n\t\t\t\t\t\t\t\t\t<p class=\"default-style\">Le consulenze sono effettuate su appuntamento, sono escluse le urgenze.<\/p><p class=\"default-style\">Gli appuntamenti possono essere fissati per telefono, whatsapp, email, online.<\/p><p class=\"default-style\">Potete prendere appuntamento per telefono dal luned\u00ec al venerd\u00ec<\/p><p class=\"default-style\">dalle ore 9.00 alle ore 19.00.<\/p><p class=\"default-style\">Reperibilit\u00e0 telefonica diurna 12 ore su 12 (7.00 &#8211; 19.00)<\/p><p class=\"default-style\">dal lunedi&#8217; al venerdi&#8217; e week-end, escluse le urgenze.\u00a0<\/p>\t\t\t\t\t\t\t\t<\/div>\n\t\t\t\t<\/div>\n\t\t\t\t<div class=\"elementor-element elementor-element-1a1eab7 elementor-mobile-align-left elementor-icon-list--layout-traditional elementor-list-item-link-full_width elementor-widget elementor-widget-icon-list\" data-id=\"1a1eab7\" data-element_type=\"widget\" data-widget_type=\"icon-list.default\">\n\t\t\t\t<div class=\"elementor-widget-container\">\n\t\t\t\t\t\t\t<ul class=\"elementor-icon-list-items\">\n\t\t\t\t\t\t\t<li class=\"elementor-icon-list-item\">\n\t\t\t\t\t\t\t\t\t\t\t<a href=\"tel:3355477933\">\n\n\t\t\t\t\t\t\t\t\t\t\t\t<span class=\"elementor-icon-list-icon\">\n\t\t\t\t\t\t\t<svg aria-hidden=\"true\" class=\"e-font-icon-svg e-fas-phone-alt\" viewBox=\"0 0 512 512\" xmlns=\"http:\/\/www.w3.org\/2000\/svg\"><path d=\"M497.39 361.8l-112-48a24 24 0 0 0-28 6.9l-49.6 60.6A370.66 370.66 0 0 1 130.6 204.11l60.6-49.6a23.94 23.94 0 0 0 6.9-28l-48-112A24.16 24.16 0 0 0 122.6.61l-104 24A24 24 0 0 0 0 48c0 256.5 207.9 464 464 464a24 24 0 0 0 23.4-18.6l24-104a24.29 24.29 0 0 0-14.01-27.6z\"><\/path><\/svg>\t\t\t\t\t\t<\/span>\n\t\t\t\t\t\t\t\t\t\t<span class=\"elementor-icon-list-text\">Telefono : +39 335 5477933<\/span>\n\t\t\t\t\t\t\t\t\t\t\t<\/a>\n\t\t\t\t\t\t\t\t\t<\/li>\n\t\t\t\t\t\t\t\t<li class=\"elementor-icon-list-item\">\n\t\t\t\t\t\t\t\t\t\t\t<a href=\"https:\/\/api.whatsapp.com\/send?phone=3355477933\">\n\n\t\t\t\t\t\t\t\t\t\t\t\t<span class=\"elementor-icon-list-icon\">\n\t\t\t\t\t\t\t<svg aria-hidden=\"true\" class=\"e-font-icon-svg e-fab-whatsapp-square\" viewBox=\"0 0 448 512\" xmlns=\"http:\/\/www.w3.org\/2000\/svg\"><path d=\"M224 122.8c-72.7 0-131.8 59.1-131.9 131.8 0 24.9 7 49.2 20.2 70.1l3.1 5-13.3 48.6 49.9-13.1 4.8 2.9c20.2 12 43.4 18.4 67.1 18.4h.1c72.6 0 133.3-59.1 133.3-131.8 0-35.2-15.2-68.3-40.1-93.2-25-25-58-38.7-93.2-38.7zm77.5 188.4c-3.3 9.3-19.1 17.7-26.7 18.8-12.6 1.9-22.4.9-47.5-9.9-39.7-17.2-65.7-57.2-67.7-59.8-2-2.6-16.2-21.5-16.2-41s10.2-29.1 13.9-33.1c3.6-4 7.9-5 10.6-5 2.6 0 5.3 0 7.6.1 2.4.1 5.7-.9 8.9 6.8 3.3 7.9 11.2 27.4 12.2 29.4s1.7 4.3.3 6.9c-7.6 15.2-15.7 14.6-11.6 21.6 15.3 26.3 30.6 35.4 53.9 47.1 4 2 6.3 1.7 8.6-1 2.3-2.6 9.9-11.6 12.5-15.5 2.6-4 5.3-3.3 8.9-2 3.6 1.3 23.1 10.9 27.1 12.9s6.6 3 7.6 4.6c.9 1.9.9 9.9-2.4 19.1zM400 32H48C21.5 32 0 53.5 0 80v352c0 26.5 21.5 48 48 48h352c26.5 0 48-21.5 48-48V80c0-26.5-21.5-48-48-48zM223.9 413.2c-26.6 0-52.7-6.7-75.8-19.3L64 416l22.5-82.2c-13.9-24-21.2-51.3-21.2-79.3C65.4 167.1 136.5 96 223.9 96c42.4 0 82.2 16.5 112.2 46.5 29.9 30 47.9 69.8 47.9 112.2 0 87.4-72.7 158.5-160.1 158.5z\"><\/path><\/svg>\t\t\t\t\t\t<\/span>\n\t\t\t\t\t\t\t\t\t\t<span class=\"elementor-icon-list-text\">WhatsApp : +39 335 5477933<\/span>\n\t\t\t\t\t\t\t\t\t\t\t<\/a>\n\t\t\t\t\t\t\t\t\t<\/li>\n\t\t\t\t\t\t\t\t<li class=\"elementor-icon-list-item\">\n\t\t\t\t\t\t\t\t\t\t\t<a href=\"mailto:Anna.figliuolo@libero.it\">\n\n\t\t\t\t\t\t\t\t\t\t\t\t<span class=\"elementor-icon-list-icon\">\n\t\t\t\t\t\t\t<svg aria-hidden=\"true\" class=\"e-font-icon-svg e-fas-envelope\" viewBox=\"0 0 512 512\" xmlns=\"http:\/\/www.w3.org\/2000\/svg\"><path d=\"M502.3 190.8c3.9-3.1 9.7-.2 9.7 4.7V400c0 26.5-21.5 48-48 48H48c-26.5 0-48-21.5-48-48V195.6c0-5 5.7-7.8 9.7-4.7 22.4 17.4 52.1 39.5 154.1 113.6 21.1 15.4 56.7 47.8 92.2 47.6 35.7.3 72-32.8 92.3-47.6 102-74.1 131.6-96.3 154-113.7zM256 320c23.2.4 56.6-29.2 73.4-41.4 132.7-96.3 142.8-104.7 173.4-128.7 5.8-4.5 9.2-11.5 9.2-18.9v-19c0-26.5-21.5-48-48-48H48C21.5 64 0 85.5 0 112v19c0 7.4 3.4 14.3 9.2 18.9 30.6 23.9 40.7 32.4 173.4 128.7 16.8 12.2 50.2 41.8 73.4 41.4z\"><\/path><\/svg>\t\t\t\t\t\t<\/span>\n\t\t\t\t\t\t\t\t\t\t<span class=\"elementor-icon-list-text\">Email: anna.figliuolo@libero.it<\/span>\n\t\t\t\t\t\t\t\t\t\t\t<\/a>\n\t\t\t\t\t\t\t\t\t<\/li>\n\t\t\t\t\t\t<\/ul>\n\t\t\t\t\t\t<\/div>\n\t\t\t\t<\/div>\n\t\t\t\t<\/div>\n\t\t<div class=\"elementor-element elementor-element-cc71185 e-con-full e-flex e-con e-child\" data-id=\"cc71185\" data-element_type=\"container\">\n\t\t<div class=\"elementor-element elementor-element-18b8e64 e-con-full e-flex e-con e-child\" data-id=\"18b8e64\" data-element_type=\"container\">\n\t\t\t\t<div class=\"elementor-element elementor-element-4dac8b5 elementor-widget elementor-widget-heading\" data-id=\"4dac8b5\" data-element_type=\"widget\" data-widget_type=\"heading.default\">\n\t\t\t\t<div class=\"elementor-widget-container\">\n\t\t\t\t\t<h5 class=\"elementor-heading-title elementor-size-default\">Form di contatto<\/h5>\t\t\t\t<\/div>\n\t\t\t\t<\/div>\n\t\t\t\t<div class=\"elementor-element elementor-element-a4cada3 elementor-button-align-stretch elementor-widget elementor-widget-form\" data-id=\"a4cada3\" data-element_type=\"widget\" data-settings=\"{&quot;step_next_label&quot;:&quot;Next&quot;,&quot;step_previous_label&quot;:&quot;Previous&quot;,&quot;button_width&quot;:&quot;100&quot;,&quot;step_type&quot;:&quot;number_text&quot;,&quot;step_icon_shape&quot;:&quot;circle&quot;}\" data-widget_type=\"form.default\">\n\t\t\t\t<div class=\"elementor-widget-container\">\n\t\t\t\t\t\t\t<form class=\"elementor-form\" method=\"post\" name=\"New Form\" aria-label=\"New Form\">\n\t\t\t<input type=\"hidden\" name=\"post_id\" value=\"323\"\/>\n\t\t\t<input type=\"hidden\" name=\"form_id\" value=\"a4cada3\"\/>\n\t\t\t<input type=\"hidden\" name=\"referer_title\" value=\"Veterinario Rivarolo Canavese - Veterinario Anna Figliuolo\" \/>\n\n\t\t\t\t\t\t\t<input type=\"hidden\" name=\"queried_id\" value=\"323\"\/>\n\t\t\t\n\t\t\t<div class=\"elementor-form-fields-wrapper elementor-labels-\">\n\t\t\t\t\t\t\t\t<div class=\"elementor-field-type-text elementor-field-group elementor-column elementor-field-group-name elementor-col-100 elementor-field-required\">\n\t\t\t\t\t\t\t\t\t\t\t\t<label for=\"form-field-name\" class=\"elementor-field-label elementor-screen-only\">\n\t\t\t\t\t\t\t\tNome\t\t\t\t\t\t\t<\/label>\n\t\t\t\t\t\t\t\t\t\t\t\t\t\t<input size=\"1\" type=\"text\" name=\"form_fields[name]\" id=\"form-field-name\" class=\"elementor-field elementor-size-sm  elementor-field-textual\" placeholder=\"Nome\" required=\"required\">\n\t\t\t\t\t\t\t\t\t\t\t<\/div>\n\t\t\t\t\t\t\t\t<div class=\"elementor-field-type-text elementor-field-group elementor-column elementor-field-group-field_15dc101 elementor-col-100 elementor-field-required\">\n\t\t\t\t\t\t\t\t\t\t\t\t<label for=\"form-field-field_15dc101\" class=\"elementor-field-label elementor-screen-only\">\n\t\t\t\t\t\t\t\tTelefono\t\t\t\t\t\t\t<\/label>\n\t\t\t\t\t\t\t\t\t\t\t\t\t\t<input size=\"1\" type=\"text\" name=\"form_fields[field_15dc101]\" id=\"form-field-field_15dc101\" class=\"elementor-field elementor-size-sm  elementor-field-textual\" placeholder=\"Telefono\" required=\"required\">\n\t\t\t\t\t\t\t\t\t\t\t<\/div>\n\t\t\t\t\t\t\t\t<div class=\"elementor-field-type-email elementor-field-group elementor-column elementor-field-group-email elementor-col-100\">\n\t\t\t\t\t\t\t\t\t\t\t\t<label for=\"form-field-email\" class=\"elementor-field-label elementor-screen-only\">\n\t\t\t\t\t\t\t\tEmail\t\t\t\t\t\t\t<\/label>\n\t\t\t\t\t\t\t\t\t\t\t\t\t\t<input size=\"1\" type=\"email\" name=\"form_fields[email]\" id=\"form-field-email\" class=\"elementor-field elementor-size-sm  elementor-field-textual\" placeholder=\"Email\">\n\t\t\t\t\t\t\t\t\t\t\t<\/div>\n\t\t\t\t\t\t\t\t<div class=\"elementor-field-type-textarea elementor-field-group elementor-column elementor-field-group-message elementor-col-100 elementor-field-required\">\n\t\t\t\t\t\t\t\t\t\t\t\t<label for=\"form-field-message\" class=\"elementor-field-label elementor-screen-only\">\n\t\t\t\t\t\t\t\tMessaggio\t\t\t\t\t\t\t<\/label>\n\t\t\t\t\t\t<textarea class=\"elementor-field-textual elementor-field  elementor-size-sm\" name=\"form_fields[message]\" id=\"form-field-message\" rows=\"4\" placeholder=\"Messaggio\" required=\"required\"><\/textarea>\t\t\t\t<\/div>\n\t\t\t\t\t\t\t\t<div class=\"elementor-field-type-acceptance elementor-field-group elementor-column elementor-field-group-field_316b0d1 elementor-col-100\">\n\t\t\t\t\t\t\t<div class=\"elementor-field-subgroup\">\n\t\t\t<span class=\"elementor-field-option\">\n\t\t\t\t<input type=\"checkbox\" name=\"form_fields[field_316b0d1]\" id=\"form-field-field_316b0d1\" class=\"elementor-field elementor-size-sm  elementor-acceptance-field\">\n\t\t\t\t<label for=\"form-field-field_316b0d1\">Autorizzo il trattamento dei dati ai sensi del Regolamento Europeo 679\/2016 (GDPR)<\/label>\t\t\t<\/span>\n\t\t<\/div>\n\t\t\t\t\t\t<\/div>\n\t\t\t\t\t\t\t\t<div class=\"elementor-field-group elementor-column elementor-field-type-submit elementor-col-100 e-form__buttons\">\n\t\t\t\t\t<button class=\"elementor-button elementor-size-sm\" type=\"submit\">\n\t\t\t\t\t\t<span class=\"elementor-button-content-wrapper\">\n\t\t\t\t\t\t\t\t\t\t\t\t\t\t\t\t\t\t\t\t\t\t<span class=\"elementor-button-text\">Invia<\/span>\n\t\t\t\t\t\t\t\t\t\t\t\t\t<\/span>\n\t\t\t\t\t<\/button>\n\t\t\t\t<\/div>\n\t\t\t<\/div>\n\t\t<\/form>\n\t\t\t\t\t\t<\/div>\n\t\t\t\t<\/div>\n\t\t\t\t<div class=\"elementor-element elementor-element-9a17526 elementor-mobile-align-left elementor-icon-list--layout-traditional elementor-list-item-link-full_width elementor-widget elementor-widget-icon-list\" data-id=\"9a17526\" data-element_type=\"widget\" data-widget_type=\"icon-list.default\">\n\t\t\t\t<div class=\"elementor-widget-container\">\n\t\t\t\t\t\t\t<ul class=\"elementor-icon-list-items\">\n\t\t\t\t\t\t\t<li class=\"elementor-icon-list-item\">\n\t\t\t\t\t\t\t\t\t\t\t<span class=\"elementor-icon-list-icon\">\n\t\t\t\t\t\t\t<svg aria-hidden=\"true\" class=\"e-font-icon-svg e-far-newspaper\" viewBox=\"0 0 576 512\" xmlns=\"http:\/\/www.w3.org\/2000\/svg\"><path d=\"M552 64H112c-20.858 0-38.643 13.377-45.248 32H24c-13.255 0-24 10.745-24 24v272c0 30.928 25.072 56 56 56h496c13.255 0 24-10.745 24-24V88c0-13.255-10.745-24-24-24zM48 392V144h16v248c0 4.411-3.589 8-8 8s-8-3.589-8-8zm480 8H111.422c.374-2.614.578-5.283.578-8V112h416v288zM172 280h136c6.627 0 12-5.373 12-12v-96c0-6.627-5.373-12-12-12H172c-6.627 0-12 5.373-12 12v96c0 6.627 5.373 12 12 12zm28-80h80v40h-80v-40zm-40 140v-24c0-6.627 5.373-12 12-12h136c6.627 0 12 5.373 12 12v24c0 6.627-5.373 12-12 12H172c-6.627 0-12-5.373-12-12zm192 0v-24c0-6.627 5.373-12 12-12h104c6.627 0 12 5.373 12 12v24c0 6.627-5.373 12-12 12H364c-6.627 0-12-5.373-12-12zm0-144v-24c0-6.627 5.373-12 12-12h104c6.627 0 12 5.373 12 12v24c0 6.627-5.373 12-12 12H364c-6.627 0-12-5.373-12-12zm0 72v-24c0-6.627 5.373-12 12-12h104c6.627 0 12 5.373 12 12v24c0 6.627-5.373 12-12 12H364c-6.627 0-12-5.373-12-12z\"><\/path><\/svg>\t\t\t\t\t\t<\/span>\n\t\t\t\t\t\t\t\t\t\t<span class=\"elementor-icon-list-text\">Iscrizione all\u2019Albo Professionale dei Medici Veterinari della Provincia di Torino al n. 2788<\/span>\n\t\t\t\t\t\t\t\t\t<\/li>\n\t\t\t\t\t\t<\/ul>\n\t\t\t\t\t\t<\/div>\n\t\t\t\t<\/div>\n\t\t\t\t<\/div>\n\t\t\t\t<\/div>\n\t\t\t\t<\/div>\n\t\t\t\t<\/div>\n\t\t\t\t<\/div>\n\t\t\t\t\t<\/div>\n\t\t\t\t<\/div>\n\t\t\t\t<\/div>\n\t\t","protected":false},"excerpt":{"rendered":"<p>Prenota una visita Le consulenze sono effettuate su appuntamento, sono escluse le urgenze. Gli appuntamenti possono essere fissati per telefono, whatsapp, email, online. Potete prendere appuntamento per telefono dal luned\u00ec al venerd\u00ec dalle ore 9.00 alle ore 19.00. Reperibilit\u00e0 telefonica diurna 12 ore su 12 (7.00 &#8211; 19.00) dal lunedi&#8217; al venerdi&#8217; e week-end, escluse [&hellip;]<\/p>\n","protected":false},"author":1,"featured_media":0,"parent":0,"menu_order":0,"comment_status":"closed","ping_status":"closed","template":"","meta":{"footnotes":""},"class_list":["post-323","page","type-page","status-publish","hentry"],"yoast_head":"<!-- This site is optimized with the Yoast SEO plugin v26.4 - https:\/\/yoast.com\/wordpress\/plugins\/seo\/ -->\n<title>Veterinario Rivarolo Canavese - Veterinario Anna Figliuolo<\/title>\n<meta name=\"description\" content=\"Veterinario Anna Figliuolo - Via Argentera 44 - Rivarolo Canavese (TO) - Telefono : +39 335 5477933\" \/>\n<meta name=\"robots\" content=\"index, follow, max-snippet:-1, max-image-preview:large, max-video-preview:-1\" \/>\n<link rel=\"canonical\" href=\"https:\/\/veterinariofigliuolo.it\/?page_id=323\" \/>\n<meta property=\"og:locale\" content=\"it_IT\" \/>\n<meta property=\"og:type\" content=\"article\" \/>\n<meta property=\"og:title\" content=\"Veterinario Rivarolo Canavese - Veterinario Anna Figliuolo\" \/>\n<meta property=\"og:description\" content=\"Veterinario Anna Figliuolo - Via Argentera 44 - Rivarolo Canavese (TO) - Telefono : +39 335 5477933\" \/>\n<meta property=\"og:url\" content=\"https:\/\/veterinariofigliuolo.it\/?page_id=323\" \/>\n<meta property=\"og:site_name\" content=\"Veterinario Anna Figliuolo\" \/>\n<meta property=\"article:modified_time\" content=\"2025-12-01T14:08:55+00:00\" \/>\n<meta name=\"twitter:card\" content=\"summary_large_image\" \/>\n<meta name=\"twitter:label1\" content=\"Tempo di lettura stimato\" \/>\n\t<meta name=\"twitter:data1\" content=\"1 minuto\" \/>\n<script type=\"application\/ld+json\" class=\"yoast-schema-graph\">{\"@context\":\"https:\/\/schema.org\",\"@graph\":[{\"@type\":\"WebPage\",\"@id\":\"https:\/\/veterinariofigliuolo.it\/?page_id=323\",\"url\":\"https:\/\/veterinariofigliuolo.it\/?page_id=323\",\"name\":\"Veterinario Rivarolo Canavese - Veterinario Anna Figliuolo\",\"isPartOf\":{\"@id\":\"https:\/\/veterinariofigliuolo.it\/#website\"},\"datePublished\":\"2024-11-14T16:55:35+00:00\",\"dateModified\":\"2025-12-01T14:08:55+00:00\",\"description\":\"Veterinario Anna Figliuolo - Via Argentera 44 - Rivarolo Canavese (TO) - Telefono : +39 335 5477933\",\"breadcrumb\":{\"@id\":\"https:\/\/veterinariofigliuolo.it\/?page_id=323#breadcrumb\"},\"inLanguage\":\"it-IT\",\"potentialAction\":[{\"@type\":\"ReadAction\",\"target\":[\"https:\/\/veterinariofigliuolo.it\/?page_id=323\"]}]},{\"@type\":\"BreadcrumbList\",\"@id\":\"https:\/\/veterinariofigliuolo.it\/?page_id=323#breadcrumb\",\"itemListElement\":[{\"@type\":\"ListItem\",\"position\":1,\"name\":\"Home\",\"item\":\"https:\/\/veterinariofigliuolo.it\/\"},{\"@type\":\"ListItem\",\"position\":2,\"name\":\"Prenota una visita\"}]},{\"@type\":\"WebSite\",\"@id\":\"https:\/\/veterinariofigliuolo.it\/#website\",\"url\":\"https:\/\/veterinariofigliuolo.it\/\",\"name\":\"Veterinario Anna Figliuolo\",\"description\":\"\",\"publisher\":{\"@id\":\"https:\/\/veterinariofigliuolo.it\/#organization\"},\"potentialAction\":[{\"@type\":\"SearchAction\",\"target\":{\"@type\":\"EntryPoint\",\"urlTemplate\":\"https:\/\/veterinariofigliuolo.it\/?s={search_term_string}\"},\"query-input\":{\"@type\":\"PropertyValueSpecification\",\"valueRequired\":true,\"valueName\":\"search_term_string\"}}],\"inLanguage\":\"it-IT\"},{\"@type\":\"Organization\",\"@id\":\"https:\/\/veterinariofigliuolo.it\/#organization\",\"name\":\"Veterinario Anna Figliuolo\",\"url\":\"https:\/\/veterinariofigliuolo.it\/\",\"logo\":{\"@type\":\"ImageObject\",\"inLanguage\":\"it-IT\",\"@id\":\"https:\/\/veterinariofigliuolo.it\/#\/schema\/logo\/image\/\",\"url\":\"https:\/\/veterinariofigliuolo.it\/wp-content\/uploads\/2024\/11\/Logo-Orizzontale-scaled.webp\",\"contentUrl\":\"https:\/\/veterinariofigliuolo.it\/wp-content\/uploads\/2024\/11\/Logo-Orizzontale-scaled.webp\",\"width\":2560,\"height\":790,\"caption\":\"Veterinario Anna Figliuolo\"},\"image\":{\"@id\":\"https:\/\/veterinariofigliuolo.it\/#\/schema\/logo\/image\/\"}}]}<\/script>\n<!-- \/ Yoast SEO plugin. -->","yoast_head_json":{"title":"Veterinario Rivarolo Canavese - Veterinario Anna Figliuolo","description":"Veterinario Anna Figliuolo - Via Argentera 44 - Rivarolo Canavese (TO) - Telefono : +39 335 5477933","robots":{"index":"index","follow":"follow","max-snippet":"max-snippet:-1","max-image-preview":"max-image-preview:large","max-video-preview":"max-video-preview:-1"},"canonical":"https:\/\/veterinariofigliuolo.it\/?page_id=323","og_locale":"it_IT","og_type":"article","og_title":"Veterinario Rivarolo Canavese - Veterinario Anna Figliuolo","og_description":"Veterinario Anna Figliuolo - Via Argentera 44 - Rivarolo Canavese (TO) - Telefono : +39 335 5477933","og_url":"https:\/\/veterinariofigliuolo.it\/?page_id=323","og_site_name":"Veterinario Anna Figliuolo","article_modified_time":"2025-12-01T14:08:55+00:00","twitter_card":"summary_large_image","twitter_misc":{"Tempo di lettura stimato":"1 minuto"},"schema":{"@context":"https:\/\/schema.org","@graph":[{"@type":"WebPage","@id":"https:\/\/veterinariofigliuolo.it\/?page_id=323","url":"https:\/\/veterinariofigliuolo.it\/?page_id=323","name":"Veterinario Rivarolo Canavese - Veterinario Anna Figliuolo","isPartOf":{"@id":"https:\/\/veterinariofigliuolo.it\/#website"},"datePublished":"2024-11-14T16:55:35+00:00","dateModified":"2025-12-01T14:08:55+00:00","description":"Veterinario Anna Figliuolo - Via Argentera 44 - Rivarolo Canavese (TO) - Telefono : +39 335 5477933","breadcrumb":{"@id":"https:\/\/veterinariofigliuolo.it\/?page_id=323#breadcrumb"},"inLanguage":"it-IT","potentialAction":[{"@type":"ReadAction","target":["https:\/\/veterinariofigliuolo.it\/?page_id=323"]}]},{"@type":"BreadcrumbList","@id":"https:\/\/veterinariofigliuolo.it\/?page_id=323#breadcrumb","itemListElement":[{"@type":"ListItem","position":1,"name":"Home","item":"https:\/\/veterinariofigliuolo.it\/"},{"@type":"ListItem","position":2,"name":"Prenota una visita"}]},{"@type":"WebSite","@id":"https:\/\/veterinariofigliuolo.it\/#website","url":"https:\/\/veterinariofigliuolo.it\/","name":"Veterinario Anna Figliuolo","description":"","publisher":{"@id":"https:\/\/veterinariofigliuolo.it\/#organization"},"potentialAction":[{"@type":"SearchAction","target":{"@type":"EntryPoint","urlTemplate":"https:\/\/veterinariofigliuolo.it\/?s={search_term_string}"},"query-input":{"@type":"PropertyValueSpecification","valueRequired":true,"valueName":"search_term_string"}}],"inLanguage":"it-IT"},{"@type":"Organization","@id":"https:\/\/veterinariofigliuolo.it\/#organization","name":"Veterinario Anna Figliuolo","url":"https:\/\/veterinariofigliuolo.it\/","logo":{"@type":"ImageObject","inLanguage":"it-IT","@id":"https:\/\/veterinariofigliuolo.it\/#\/schema\/logo\/image\/","url":"https:\/\/veterinariofigliuolo.it\/wp-content\/uploads\/2024\/11\/Logo-Orizzontale-scaled.webp","contentUrl":"https:\/\/veterinariofigliuolo.it\/wp-content\/uploads\/2024\/11\/Logo-Orizzontale-scaled.webp","width":2560,"height":790,"caption":"Veterinario Anna Figliuolo"},"image":{"@id":"https:\/\/veterinariofigliuolo.it\/#\/schema\/logo\/image\/"}}]}},"_links":{"self":[{"href":"https:\/\/veterinariofigliuolo.it\/index.php?rest_route=\/wp\/v2\/pages\/323","targetHints":{"allow":["GET"]}}],"collection":[{"href":"https:\/\/veterinariofigliuolo.it\/index.php?rest_route=\/wp\/v2\/pages"}],"about":[{"href":"https:\/\/veterinariofigliuolo.it\/index.php?rest_route=\/wp\/v2\/types\/page"}],"author":[{"embeddable":true,"href":"https:\/\/veterinariofigliuolo.it\/index.php?rest_route=\/wp\/v2\/users\/1"}],"replies":[{"embeddable":true,"href":"https:\/\/veterinariofigliuolo.it\/index.php?rest_route=%2Fwp%2Fv2%2Fcomments&post=323"}],"version-history":[{"count":34,"href":"https:\/\/veterinariofigliuolo.it\/index.php?rest_route=\/wp\/v2\/pages\/323\/revisions"}],"predecessor-version":[{"id":572,"href":"https:\/\/veterinariofigliuolo.it\/index.php?rest_route=\/wp\/v2\/pages\/323\/revisions\/572"}],"wp:attachment":[{"href":"https:\/\/veterinariofigliuolo.it\/index.php?rest_route=%2Fwp%2Fv2%2Fmedia&parent=323"}],"curies":[{"name":"wp","href":"https:\/\/api.w.org\/{rel}","templated":true}]}}